{"id":69,"date":"2017-07-17T15:35:40","date_gmt":"2017-07-17T13:35:40","guid":{"rendered":"http:\/\/www.aufmhagen.de\/?page_id=69"},"modified":"2023-11-13T12:22:34","modified_gmt":"2023-11-13T10:22:34","slug":"pferdepension","status":"publish","type":"page","link":"https:\/\/www.aufmhagen.de\/?page_id=69","title":{"rendered":"Pferdepension"},"content":{"rendered":"<header class=\"entry-header\">\n<h1 class=\"entry-title\"><img loading=\"lazy\" decoding=\"async\" class=\"aligncenter wp-image-119 size-full\" src=\"http:\/\/www.aufmhagen.de\/wp-content\/uploads\/2017\/07\/DSC1775.jpg\" alt=\"\" width=\"1200\" height=\"600\" srcset=\"https:\/\/www.aufmhagen.de\/wp-content\/uploads\/2017\/07\/DSC1775.jpg 1200w, https:\/\/www.aufmhagen.de\/wp-content\/uploads\/2017\/07\/DSC1775-300x150.jpg 300w, https:\/\/www.aufmhagen.de\/wp-content\/uploads\/2017\/07\/DSC1775-768x384.jpg 768w, https:\/\/www.aufmhagen.de\/wp-content\/uploads\/2017\/07\/DSC1775-1024x512.jpg 1024w\" sizes=\"auto, (max-width: 1200px) 100vw, 1200px\" \/><\/h1>\n<\/header>\n<div class=\"entry-content\">Pferde sind Herdentiere, die ihr Sozialleben pflegen wollen und ihrem Bewegungsdrang nachgehen m\u00fcssen.<br \/>\nDarum stehen unsere Pferde auch nicht in Boxen, sondern in gemischten Herden, die sich lediglich darin unterscheiden, dass sie unterschiedliche Futterbed\u00fcrfnisse haben.<\/div>\n<div class=\"entry-content\">Im Augenblick sind es 3 Gruppen: die erste Gruppe hat st\u00e4ndig freien Zugang<br \/>\nzum Raufutter und im Sommer auch zur Wiese.<\/div>\n<div><\/div>\n<div class=\"entry-content\">Die zweite Gruppe bekommt rationiertes Futter bei st\u00e4ndigem Zugang zur kurzen und nicht ged\u00fcngten Wiese.<\/div>\n<div><\/div>\n<div class=\"entry-content\">Und die dritte Gruppe mit rehegef\u00e4hrdeten Tieren wird im Futter und im Wiesenzugang rationiert.<\/div>\n<div><\/div>\n<div class=\"entry-content\">Unser Futter ist Heulage und kommt aus eigener Herstellung.<br \/>\nIn allen drei Gruppen gibt es eine \u00a8Notbox\u00a8.<\/div>\n<div><\/div>\n<div class=\"entry-content\">Geplant ist noch eine vierte Gruppe, eine Rentnergruppe, damit unsere Pferde, auch wenn sie alt sind, den Hof nicht verlassen m\u00fcssen.<br \/>\nSeit Ende 2016 haben wir eine helle Reithalle.<\/div>\n<div><\/div>\n<div class=\"entry-content\">Unser Ausreitgel\u00e4nde ist sehr gro\u00df und reicht von einem 20 Minuten Ritt bis zu mehrst\u00fcndigen &#8211; oder sogar Tagesritten.<\/div>\n<div><\/div>\n<div class=\"entry-content\">\n<p>Der Pensionspreis betr\u00e4gt 280,00 Euro.<\/p>\n<div id=\"gallery-1\" class=\"gallery galleryid-39 gallery-columns-2 gallery-size-large\">\n\n\t\t<style type=\"text\/css\">\n\t\t\t#gallery-1 {\n\t\t\t\tmargin: auto;\n\t\t\t}\n\t\t\t#gallery-1 .gallery-item {\n\t\t\t\tfloat: left;\n\t\t\t\tmargin-top: 10px;\n\t\t\t\ttext-align: center;\n\t\t\t\twidth: 50%;\n\t\t\t}\n\t\t\t#gallery-1 img {\n\t\t\t\tborder: 2px solid #cfcfcf;\n\t\t\t}\n\t\t\t#gallery-1 .gallery-caption {\n\t\t\t\tmargin-left: 0;\n\t\t\t}\n\t\t\t\/* see gallery_shortcode() in wp-includes\/media.php *\/\n\t\t<\/style>\n\t\t<div id='gallery-1' class='gallery galleryid-69 gallery-columns-2 gallery-size-large'><dl class='gallery-item'>\n\t\t\t<dt class='gallery-icon landscape'>\n\t\t\t\t<img loading=\"lazy\" decoding=\"async\" width=\"780\" height=\"585\" src=\"https:\/\/www.aufmhagen.de\/wp-content\/uploads\/2017\/07\/kitty-lohmann-32-1024x768.jpg\" class=\"attachment-large size-large\" alt=\"\" srcset=\"https:\/\/www.aufmhagen.de\/wp-content\/uploads\/2017\/07\/kitty-lohmann-32-1024x768.jpg 1024w, https:\/\/www.aufmhagen.de\/wp-content\/uploads\/2017\/07\/kitty-lohmann-32-300x225.jpg 300w, https:\/\/www.aufmhagen.de\/wp-content\/uploads\/2017\/07\/kitty-lohmann-32-768x576.jpg 768w, https:\/\/www.aufmhagen.de\/wp-content\/uploads\/2017\/07\/kitty-lohmann-32.jpg 1200w\" sizes=\"auto, (max-width: 780px) 100vw, 780px\" \/>\n\t\t\t<\/dt><\/dl><dl class='gallery-item'>\n\t\t\t<dt class='gallery-icon landscape'>\n\t\t\t\t<img loading=\"lazy\" decoding=\"async\" width=\"780\" height=\"585\" src=\"https:\/\/www.aufmhagen.de\/wp-content\/uploads\/2017\/07\/IMG_0564-1024x768.jpg\" class=\"attachment-large size-large\" alt=\"\" srcset=\"https:\/\/www.aufmhagen.de\/wp-content\/uploads\/2017\/07\/IMG_0564-1024x768.jpg 1024w, https:\/\/www.aufmhagen.de\/wp-content\/uploads\/2017\/07\/IMG_0564-300x225.jpg 300w, https:\/\/www.aufmhagen.de\/wp-content\/uploads\/2017\/07\/IMG_0564-768x576.jpg 768w, https:\/\/www.aufmhagen.de\/wp-content\/uploads\/2017\/07\/IMG_0564.jpg 1200w\" sizes=\"auto, (max-width: 780px) 100vw, 780px\" \/>\n\t\t\t<\/dt><\/dl><br style=\"clear: both\" \/><dl class='gallery-item'>\n\t\t\t<dt class='gallery-icon landscape'>\n\t\t\t\t<img loading=\"lazy\" decoding=\"async\" width=\"780\" height=\"585\" src=\"https:\/\/www.aufmhagen.de\/wp-content\/uploads\/2017\/07\/kitty-lohmann-01-1-1024x768.jpg\" class=\"attachment-large size-large\" alt=\"\" srcset=\"https:\/\/www.aufmhagen.de\/wp-content\/uploads\/2017\/07\/kitty-lohmann-01-1-1024x768.jpg 1024w, https:\/\/www.aufmhagen.de\/wp-content\/uploads\/2017\/07\/kitty-lohmann-01-1-300x225.jpg 300w, https:\/\/www.aufmhagen.de\/wp-content\/uploads\/2017\/07\/kitty-lohmann-01-1-768x576.jpg 768w, https:\/\/www.aufmhagen.de\/wp-content\/uploads\/2017\/07\/kitty-lohmann-01-1.jpg 1200w\" sizes=\"auto, (max-width: 780px) 100vw, 780px\" \/>\n\t\t\t<\/dt><\/dl><dl class='gallery-item'>\n\t\t\t<dt class='gallery-icon landscape'>\n\t\t\t\t<img loading=\"lazy\" decoding=\"async\" width=\"780\" height=\"585\" src=\"https:\/\/www.aufmhagen.de\/wp-content\/uploads\/2017\/07\/kitty-lohmann-20-1024x768.jpg\" class=\"attachment-large size-large\" alt=\"\" srcset=\"https:\/\/www.aufmhagen.de\/wp-content\/uploads\/2017\/07\/kitty-lohmann-20-1024x768.jpg 1024w, https:\/\/www.aufmhagen.de\/wp-content\/uploads\/2017\/07\/kitty-lohmann-20-300x225.jpg 300w, https:\/\/www.aufmhagen.de\/wp-content\/uploads\/2017\/07\/kitty-lohmann-20-768x576.jpg 768w, https:\/\/www.aufmhagen.de\/wp-content\/uploads\/2017\/07\/kitty-lohmann-20.jpg 1200w\" sizes=\"auto, (max-width: 780px) 100vw, 780px\" \/>\n\t\t\t<\/dt><\/dl><br style=\"clear: both\" \/><dl class='gallery-item'>\n\t\t\t<dt class='gallery-icon landscape'>\n\t\t\t\t<img loading=\"lazy\" decoding=\"async\" width=\"780\" height=\"585\" src=\"https:\/\/www.aufmhagen.de\/wp-content\/uploads\/2017\/07\/IMG_0216-1024x768.jpg\" class=\"attachment-large size-large\" alt=\"\" srcset=\"https:\/\/www.aufmhagen.de\/wp-content\/uploads\/2017\/07\/IMG_0216-1024x768.jpg 1024w, https:\/\/www.aufmhagen.de\/wp-content\/uploads\/2017\/07\/IMG_0216-300x225.jpg 300w, https:\/\/www.aufmhagen.de\/wp-content\/uploads\/2017\/07\/IMG_0216-768x576.jpg 768w, https:\/\/www.aufmhagen.de\/wp-content\/uploads\/2017\/07\/IMG_0216.jpg 1200w\" sizes=\"auto, (max-width: 780px) 100vw, 780px\" \/>\n\t\t\t<\/dt><\/dl><dl class='gallery-item'>\n\t\t\t<dt class='gallery-icon landscape'>\n\t\t\t\t<img loading=\"lazy\" decoding=\"async\" width=\"780\" height=\"585\" src=\"https:\/\/www.aufmhagen.de\/wp-content\/uploads\/2017\/07\/kitty-lohmann-43-1024x768.jpg\" class=\"attachment-large size-large\" alt=\"\" srcset=\"https:\/\/www.aufmhagen.de\/wp-content\/uploads\/2017\/07\/kitty-lohmann-43-1024x768.jpg 1024w, https:\/\/www.aufmhagen.de\/wp-content\/uploads\/2017\/07\/kitty-lohmann-43-300x225.jpg 300w, https:\/\/www.aufmhagen.de\/wp-content\/uploads\/2017\/07\/kitty-lohmann-43-768x576.jpg 768w, https:\/\/www.aufmhagen.de\/wp-content\/uploads\/2017\/07\/kitty-lohmann-43.jpg 1200w\" sizes=\"auto, (max-width: 780px) 100vw, 780px\" \/>\n\t\t\t<\/dt><\/dl><br style=\"clear: both\" \/><dl class='gallery-item'>\n\t\t\t<dt class='gallery-icon landscape'>\n\t\t\t\t<img loading=\"lazy\" decoding=\"async\" width=\"780\" height=\"585\" src=\"https:\/\/www.aufmhagen.de\/wp-content\/uploads\/2017\/07\/kitty-lohmann-46-1024x768.jpg\" class=\"attachment-large size-large\" alt=\"\" srcset=\"https:\/\/www.aufmhagen.de\/wp-content\/uploads\/2017\/07\/kitty-lohmann-46-1024x768.jpg 1024w, https:\/\/www.aufmhagen.de\/wp-content\/uploads\/2017\/07\/kitty-lohmann-46-300x225.jpg 300w, https:\/\/www.aufmhagen.de\/wp-content\/uploads\/2017\/07\/kitty-lohmann-46-768x576.jpg 768w, https:\/\/www.aufmhagen.de\/wp-content\/uploads\/2017\/07\/kitty-lohmann-46.jpg 1200w\" sizes=\"auto, (max-width: 780px) 100vw, 780px\" \/>\n\t\t\t<\/dt><\/dl><dl class='gallery-item'>\n\t\t\t<dt class='gallery-icon landscape'>\n\t\t\t\t<img loading=\"lazy\" decoding=\"async\" width=\"780\" height=\"585\" src=\"https:\/\/www.aufmhagen.de\/wp-content\/uploads\/2017\/07\/kitty-lohmann-04-1024x768.jpg\" class=\"attachment-large size-large\" alt=\"\" srcset=\"https:\/\/www.aufmhagen.de\/wp-content\/uploads\/2017\/07\/kitty-lohmann-04-1024x768.jpg 1024w, https:\/\/www.aufmhagen.de\/wp-content\/uploads\/2017\/07\/kitty-lohmann-04-300x225.jpg 300w, https:\/\/www.aufmhagen.de\/wp-content\/uploads\/2017\/07\/kitty-lohmann-04-768x576.jpg 768w, https:\/\/www.aufmhagen.de\/wp-content\/uploads\/2017\/07\/kitty-lohmann-04.jpg 1200w\" sizes=\"auto, (max-width: 780px) 100vw, 780px\" \/>\n\t\t\t<\/dt><\/dl><br style=\"clear: both\" \/><dl class='gallery-item'>\n\t\t\t<dt class='gallery-icon landscape'>\n\t\t\t\t<img loading=\"lazy\" decoding=\"async\" width=\"780\" height=\"585\" src=\"https:\/\/www.aufmhagen.de\/wp-content\/uploads\/2017\/07\/kitty-lohmann-12-1024x768.jpg\" class=\"attachment-large size-large\" alt=\"\" srcset=\"https:\/\/www.aufmhagen.de\/wp-content\/uploads\/2017\/07\/kitty-lohmann-12-1024x768.jpg 1024w, https:\/\/www.aufmhagen.de\/wp-content\/uploads\/2017\/07\/kitty-lohmann-12-300x225.jpg 300w, https:\/\/www.aufmhagen.de\/wp-content\/uploads\/2017\/07\/kitty-lohmann-12-768x576.jpg 768w, https:\/\/www.aufmhagen.de\/wp-content\/uploads\/2017\/07\/kitty-lohmann-12.jpg 1200w\" sizes=\"auto, (max-width: 780px) 100vw, 780px\" \/>\n\t\t\t<\/dt><\/dl><dl class='gallery-item'>\n\t\t\t<dt class='gallery-icon landscape'>\n\t\t\t\t<img loading=\"lazy\" decoding=\"async\" width=\"780\" height=\"585\" src=\"https:\/\/www.aufmhagen.de\/wp-content\/uploads\/2017\/07\/kitty-lohmann-34-1024x768.jpg\" class=\"attachment-large size-large\" alt=\"\" srcset=\"https:\/\/www.aufmhagen.de\/wp-content\/uploads\/2017\/07\/kitty-lohmann-34-1024x768.jpg 1024w, https:\/\/www.aufmhagen.de\/wp-content\/uploads\/2017\/07\/kitty-lohmann-34-300x225.jpg 300w, https:\/\/www.aufmhagen.de\/wp-content\/uploads\/2017\/07\/kitty-lohmann-34-768x576.jpg 768w, https:\/\/www.aufmhagen.de\/wp-content\/uploads\/2017\/07\/kitty-lohmann-34.jpg 1200w\" sizes=\"auto, (max-width: 780px) 100vw, 780px\" \/>\n\t\t\t<\/dt><\/dl><br style=\"clear: both\" \/><dl class='gallery-item'>\n\t\t\t<dt class='gallery-icon landscape'>\n\t\t\t\t<img loading=\"lazy\" decoding=\"async\" width=\"780\" height=\"585\" src=\"https:\/\/www.aufmhagen.de\/wp-content\/uploads\/2017\/07\/kitty-lohmann-44-1024x768.jpg\" class=\"attachment-large size-large\" alt=\"\" srcset=\"https:\/\/www.aufmhagen.de\/wp-content\/uploads\/2017\/07\/kitty-lohmann-44-1024x768.jpg 1024w, https:\/\/www.aufmhagen.de\/wp-content\/uploads\/2017\/07\/kitty-lohmann-44-300x225.jpg 300w, https:\/\/www.aufmhagen.de\/wp-content\/uploads\/2017\/07\/kitty-lohmann-44-768x576.jpg 768w, https:\/\/www.aufmhagen.de\/wp-content\/uploads\/2017\/07\/kitty-lohmann-44.jpg 1200w\" sizes=\"auto, (max-width: 780px) 100vw, 780px\" \/>\n\t\t\t<\/dt><\/dl>\n\t\t\t<br style='clear: both' \/>\n\t\t<\/div>\n\n<\/div>\n<\/div>\n","protected":false},"excerpt":{"rendered":"<p>Pferde sind Herdentiere, die ihr Sozialleben pflegen wollen und ihrem Bewegungsdrang nachgehen m\u00fcssen. Darum stehen unsere Pferde auch nicht in Boxen, sondern in gemischten Herden, die sich lediglich darin unterscheiden, dass sie unterschiedliche Futterbed\u00fcrfnisse haben. Im Augenblick sind es 3 Gruppen: die erste Gruppe hat st\u00e4ndig freien Zugang zum Raufutter und im Sommer auch zur <a class=\"more-link\" href=\"https:\/\/www.aufmhagen.de\/?page_id=69\">Weiterlesen&#8230;<\/a><\/p>\n","protected":false},"author":1,"featured_media":0,"parent":0,"menu_order":0,"comment_status":"closed","ping_status":"closed","template":"","meta":{"footnotes":""},"class_list":["post-69","page","type-page","status-publish","hentry"],"_links":{"self":[{"href":"https:\/\/www.aufmhagen.de\/index.php?rest_route=\/wp\/v2\/pages\/69","targetHints":{"allow":["GET"]}}],"collection":[{"href":"https:\/\/www.aufmhagen.de\/index.php?rest_route=\/wp\/v2\/pages"}],"about":[{"href":"https:\/\/www.aufmhagen.de\/index.php?rest_route=\/wp\/v2\/types\/page"}],"author":[{"embeddable":true,"href":"https:\/\/www.aufmhagen.de\/index.php?rest_route=\/wp\/v2\/users\/1"}],"replies":[{"embeddable":true,"href":"https:\/\/www.aufmhagen.de\/index.php?rest_route=%2Fwp%2Fv2%2Fcomments&post=69"}],"version-history":[{"count":8,"href":"https:\/\/www.aufmhagen.de\/index.php?rest_route=\/wp\/v2\/pages\/69\/revisions"}],"predecessor-version":[{"id":334,"href":"https:\/\/www.aufmhagen.de\/index.php?rest_route=\/wp\/v2\/pages\/69\/revisions\/334"}],"wp:attachment":[{"href":"https:\/\/www.aufmhagen.de\/index.php?rest_route=%2Fwp%2Fv2%2Fmedia&parent=69"}],"curies":[{"name":"wp","href":"https:\/\/api.w.org\/{rel}","templated":true}]}}