{"id":65,"date":"2017-07-17T15:32:19","date_gmt":"2017-07-17T13:32:19","guid":{"rendered":"http:\/\/www.aufmhagen.de\/?page_id=65"},"modified":"2017-07-18T13:24:56","modified_gmt":"2017-07-18T11:24:56","slug":"coaching","status":"publish","type":"page","link":"https:\/\/www.aufmhagen.de\/?page_id=65","title":{"rendered":"Coaching"},"content":{"rendered":"<h1><img loading=\"lazy\" decoding=\"async\" class=\"aligncenter wp-image-117 size-full\" src=\"http:\/\/www.aufmhagen.de\/wp-content\/uploads\/2017\/07\/DSC1752.jpg\" alt=\"\" width=\"1200\" height=\"600\" srcset=\"https:\/\/www.aufmhagen.de\/wp-content\/uploads\/2017\/07\/DSC1752.jpg 1200w, https:\/\/www.aufmhagen.de\/wp-content\/uploads\/2017\/07\/DSC1752-300x150.jpg 300w, https:\/\/www.aufmhagen.de\/wp-content\/uploads\/2017\/07\/DSC1752-768x384.jpg 768w, https:\/\/www.aufmhagen.de\/wp-content\/uploads\/2017\/07\/DSC1752-1024x512.jpg 1024w\" sizes=\"auto, (max-width: 1200px) 100vw, 1200px\" \/><\/h1>\n<p>&nbsp;<\/p>\n<p>Pferde erm\u00f6glichen den Zugang zu einer anderen Welt &#8211; eine Welt ohne Worte, in der nur die Geste z\u00e4hlt.<\/p>\n<p>Manager m\u00fcssen klare Entscheidungen treffen&#8230;.<br \/>\nGruppen oder Abteilungen m\u00fcssen respektvoll miteinander umgehen, sich aber auch abgrenzen k\u00f6nnen&#8230;<br \/>\n\u00c4ngstliche Personen wollen selbstsicherer werden&#8230;<br \/>\nOrientierungslose suchen den Sinn des Lebens&#8230;<\/p>\n<p>Pferde sind hochsensible- und soziale Wesen, die im nat\u00fcrlichen Herdenverband leben. Die Struktur der Herde ist durch eine klare Rangordnung bestimmt.<br \/>\nDas Pferd strebt danach, den Menschen in diese Rangordnung einzustufen.<br \/>\nMan muss keinerlei Pferdeerfahrung mitbringen, aber man muss sich auf das Sozialverhalten, die K\u00f6rpersprache und das Wesen eines Pferdes einstellen k\u00f6nnen.<\/p>\n<p>Durch die enge Zusammenarbeit mit dem Tier erf\u00e4hrt der Mensch mehr \u00fcber sich.<br \/>\nDer Weg ist hierbei das Ziel.<\/p>\n\n\t\t<style type=\"text\/css\">\n\t\t\t#gallery-1 {\n\t\t\t\tmargin: auto;\n\t\t\t}\n\t\t\t#gallery-1 .gallery-item {\n\t\t\t\tfloat: left;\n\t\t\t\tmargin-top: 10px;\n\t\t\t\ttext-align: center;\n\t\t\t\twidth: 50%;\n\t\t\t}\n\t\t\t#gallery-1 img {\n\t\t\t\tborder: 2px solid #cfcfcf;\n\t\t\t}\n\t\t\t#gallery-1 .gallery-caption {\n\t\t\t\tmargin-left: 0;\n\t\t\t}\n\t\t\t\/* see gallery_shortcode() in wp-includes\/media.php *\/\n\t\t<\/style>\n\t\t<div id='gallery-1' class='gallery galleryid-65 gallery-columns-2 gallery-size-large'><dl class='gallery-item'>\n\t\t\t<dt class='gallery-icon portrait'>\n\t\t\t\t<img loading=\"lazy\" decoding=\"async\" width=\"768\" height=\"1024\" src=\"https:\/\/www.aufmhagen.de\/wp-content\/uploads\/2017\/07\/cittysonyo1-768x1024.jpg\" class=\"attachment-large size-large\" alt=\"\" srcset=\"https:\/\/www.aufmhagen.de\/wp-content\/uploads\/2017\/07\/cittysonyo1-768x1024.jpg 768w, https:\/\/www.aufmhagen.de\/wp-content\/uploads\/2017\/07\/cittysonyo1-225x300.jpg 225w, https:\/\/www.aufmhagen.de\/wp-content\/uploads\/2017\/07\/cittysonyo1.jpg 900w\" sizes=\"auto, (max-width: 768px) 100vw, 768px\" \/>\n\t\t\t<\/dt><\/dl><dl class='gallery-item'>\n\t\t\t<dt class='gallery-icon landscape'>\n\t\t\t\t<img loading=\"lazy\" decoding=\"async\" width=\"780\" height=\"585\" src=\"https:\/\/www.aufmhagen.de\/wp-content\/uploads\/2017\/07\/IMG_0216-1024x768.jpg\" class=\"attachment-large size-large\" alt=\"\" srcset=\"https:\/\/www.aufmhagen.de\/wp-content\/uploads\/2017\/07\/IMG_0216-1024x768.jpg 1024w, https:\/\/www.aufmhagen.de\/wp-content\/uploads\/2017\/07\/IMG_0216-300x225.jpg 300w, https:\/\/www.aufmhagen.de\/wp-content\/uploads\/2017\/07\/IMG_0216-768x576.jpg 768w, https:\/\/www.aufmhagen.de\/wp-content\/uploads\/2017\/07\/IMG_0216.jpg 1200w\" sizes=\"auto, (max-width: 780px) 100vw, 780px\" \/>\n\t\t\t<\/dt><\/dl><br style=\"clear: both\" \/>\n\t\t<\/div>\n\n<p>&nbsp;<\/p>\n","protected":false},"excerpt":{"rendered":"<p>&nbsp; Pferde erm\u00f6glichen den Zugang zu einer anderen Welt &#8211; eine Welt ohne Worte, in der nur die Geste z\u00e4hlt. Manager m\u00fcssen klare Entscheidungen treffen&#8230;. Gruppen oder Abteilungen m\u00fcssen respektvoll miteinander umgehen, sich aber auch abgrenzen k\u00f6nnen&#8230; \u00c4ngstliche Personen wollen selbstsicherer werden&#8230; Orientierungslose suchen den Sinn des Lebens&#8230; Pferde sind hochsensible- und soziale Wesen, die <a class=\"more-link\" href=\"https:\/\/www.aufmhagen.de\/?page_id=65\">Weiterlesen&#8230;<\/a><\/p>\n","protected":false},"author":1,"featured_media":0,"parent":0,"menu_order":0,"comment_status":"closed","ping_status":"closed","template":"","meta":{"footnotes":""},"class_list":["post-65","page","type-page","status-publish","hentry"],"_links":{"self":[{"href":"https:\/\/www.aufmhagen.de\/index.php?rest_route=\/wp\/v2\/pages\/65","targetHints":{"allow":["GET"]}}],"collection":[{"href":"https:\/\/www.aufmhagen.de\/index.php?rest_route=\/wp\/v2\/pages"}],"about":[{"href":"https:\/\/www.aufmhagen.de\/index.php?rest_route=\/wp\/v2\/types\/page"}],"author":[{"embeddable":true,"href":"https:\/\/www.aufmhagen.de\/index.php?rest_route=\/wp\/v2\/users\/1"}],"replies":[{"embeddable":true,"href":"https:\/\/www.aufmhagen.de\/index.php?rest_route=%2Fwp%2Fv2%2Fcomments&post=65"}],"version-history":[{"count":8,"href":"https:\/\/www.aufmhagen.de\/index.php?rest_route=\/wp\/v2\/pages\/65\/revisions"}],"predecessor-version":[{"id":200,"href":"https:\/\/www.aufmhagen.de\/index.php?rest_route=\/wp\/v2\/pages\/65\/revisions\/200"}],"wp:attachment":[{"href":"https:\/\/www.aufmhagen.de\/index.php?rest_route=%2Fwp%2Fv2%2Fmedia&parent=65"}],"curies":[{"name":"wp","href":"https:\/\/api.w.org\/{rel}","templated":true}]}}