{"id":50,"date":"2017-07-17T15:00:26","date_gmt":"2017-07-17T13:00:26","guid":{"rendered":"http:\/\/www.aufmhagen.de\/?page_id=50"},"modified":"2023-11-13T12:04:41","modified_gmt":"2023-11-13T10:04:41","slug":"home","status":"publish","type":"page","link":"https:\/\/www.aufmhagen.de\/","title":{"rendered":""},"content":{"rendered":"<h1><span style=\"color: #51563c;\">Willkommen bei Kitty Schmidt-Modrow in Radevormwald<\/span><\/h1>\n<p>Ich habe einen kunterbunten Hof zwischen Radevormwald und Spieckern, auf dem neben den vielen Pferden auch Esel, Heidschnucken, Ziegen und viele andere Tiere ihr zu Hause haben.<\/p>\n<p>Meine Schwerpunkte sind die Pferdepension als Gruppenhaltung in Offenst\u00e4llen und die Reittherapie f\u00fcr alle Menschen mit gr\u00f6\u00dferen und kleineren Handicaps.<br \/>\nAu\u00dferdem biete ich pferdegest\u00fctztes Coaching f\u00fcr Einzelne oder auch f\u00fcr Gruppen an.<\/p>\n","protected":false},"excerpt":{"rendered":"<p>Willkommen bei Kitty Schmidt-Modrow in Radevormwald Ich habe einen kunterbunten Hof zwischen Radevormwald und Spieckern, auf dem neben den vielen Pferden auch Esel, Heidschnucken, Ziegen und viele andere Tiere ihr zu Hause haben. Meine Schwerpunkte sind die Pferdepension als Gruppenhaltung in Offenst\u00e4llen und die Reittherapie f\u00fcr alle Menschen mit gr\u00f6\u00dferen und kleineren Handicaps. Au\u00dferdem biete <a class=\"more-link\" href=\"https:\/\/www.aufmhagen.de\/\">Weiterlesen&#8230;<\/a><\/p>\n","protected":false},"author":1,"featured_media":0,"parent":0,"menu_order":0,"comment_status":"closed","ping_status":"closed","template":"","meta":{"footnotes":""},"class_list":["post-50","page","type-page","status-publish","hentry"],"_links":{"self":[{"href":"https:\/\/www.aufmhagen.de\/index.php?rest_route=\/wp\/v2\/pages\/50","targetHints":{"allow":["GET"]}}],"collection":[{"href":"https:\/\/www.aufmhagen.de\/index.php?rest_route=\/wp\/v2\/pages"}],"about":[{"href":"https:\/\/www.aufmhagen.de\/index.php?rest_route=\/wp\/v2\/types\/page"}],"author":[{"embeddable":true,"href":"https:\/\/www.aufmhagen.de\/index.php?rest_route=\/wp\/v2\/users\/1"}],"replies":[{"embeddable":true,"href":"https:\/\/www.aufmhagen.de\/index.php?rest_route=%2Fwp%2Fv2%2Fcomments&post=50"}],"version-history":[{"count":3,"href":"https:\/\/www.aufmhagen.de\/index.php?rest_route=\/wp\/v2\/pages\/50\/revisions"}],"predecessor-version":[{"id":327,"href":"https:\/\/www.aufmhagen.de\/index.php?rest_route=\/wp\/v2\/pages\/50\/revisions\/327"}],"wp:attachment":[{"href":"https:\/\/www.aufmhagen.de\/index.php?rest_route=%2Fwp%2Fv2%2Fmedia&parent=50"}],"curies":[{"name":"wp","href":"https:\/\/api.w.org\/{rel}","templated":true}]}}